{"id":17,"date":"2024-03-30T13:59:14","date_gmt":"2024-03-30T13:59:14","guid":{"rendered":"https:\/\/xn--vredalenborettslag2-u7b.no\/?page_id=17"},"modified":"2024-04-03T16:57:18","modified_gmt":"2024-04-03T16:57:18","slug":"home","status":"publish","type":"page","link":"https:\/\/xn--vredalenborettslag2-u7b.no\/","title":{"rendered":"Home"},"content":{"rendered":"\n<div class=\"wp-block-cover alignfull has-custom-content-position is-position-top-center has-text-color\" style=\"color:#e4e2d7;margin-top:0;margin-bottom:0;padding-top:220px;padding-bottom:120px;min-height:600px;aspect-ratio:unset;\"><span aria-hidden=\"true\" class=\"wp-block-cover__background has-background-dim-70 has-background-dim\" style=\"background-color:#342f29\"><\/span><img loading=\"lazy\" decoding=\"async\" width=\"2560\" height=\"1920\" class=\"wp-block-cover__image-background wp-image-36\" alt=\"\" src=\"https:\/\/xn--vredalenborettslag2-u7b.no\/wp-content\/uploads\/2024\/03\/2-mb-bilde-1-scaled.jpg\" data-object-fit=\"cover\" srcset=\"https:\/\/xn--vredalenborettslag2-u7b.no\/wp-content\/uploads\/2024\/03\/2-mb-bilde-1-scaled.jpg 2560w, https:\/\/xn--vredalenborettslag2-u7b.no\/wp-content\/uploads\/2024\/03\/2-mb-bilde-1-300x225.jpg 300w, https:\/\/xn--vredalenborettslag2-u7b.no\/wp-content\/uploads\/2024\/03\/2-mb-bilde-1-1024x768.jpg 1024w, https:\/\/xn--vredalenborettslag2-u7b.no\/wp-content\/uploads\/2024\/03\/2-mb-bilde-1-768x576.jpg 768w, https:\/\/xn--vredalenborettslag2-u7b.no\/wp-content\/uploads\/2024\/03\/2-mb-bilde-1-1536x1152.jpg 1536w, https:\/\/xn--vredalenborettslag2-u7b.no\/wp-content\/uploads\/2024\/03\/2-mb-bilde-1-2048x1536.jpg 2048w\" sizes=\"auto, (max-width: 2560px) 100vw, 2560px\" \/><div class=\"wp-block-cover__inner-container has-global-padding is-layout-constrained wp-container-core-cover-is-layout-bf4d0620 wp-block-cover-is-layout-constrained\">\n<div style=\"height:20px\" aria-hidden=\"true\" class=\"wp-block-spacer\"><\/div>\n\n\n\n<div class=\"wp-block-buttons is-layout-flex wp-block-buttons-is-layout-flex\"><\/div>\n\n\n\n<h1 class=\"wp-block-heading has-text-color\" style=\"color:#e4e2d7;font-size:clamp(36.518px, 2.282rem + ((1vw - 3.2px) * 3.464), 67px);font-style:normal;font-weight:400;line-height:1\">Velkommen til \u00d8vredalen Borettslag II  <br>12 familer samlet under ett tak<\/h1>\n<\/div><\/div>\n\n\n\n<div class=\"wp-block-group alignfull has-text-color has-background has-global-padding is-layout-constrained wp-container-core-group-is-layout-e27e13cc wp-block-group-is-layout-constrained\" style=\"color:#646257;background-color:#e4e2d7;margin-top:0;margin-bottom:0;padding-top:80px;padding-right:0;padding-bottom:80px;padding-left:0\">\n<h2 class=\"wp-block-heading has-text-align-center has-text-color\" style=\"color:#646257;font-size:clamp(31.152px, 1.947rem + ((1vw - 3.2px) * 2.71), 55px);font-style:normal;font-weight:500\">Frittst\u00e5ende Borettslag<\/h2>\n\n\n\n<div style=\"height:30px\" aria-hidden=\"true\" class=\"wp-block-spacer\"><\/div>\n\n\n\n<p class=\"has-text-align-center has-text-color\" style=\"color:#646257;font-size:clamp(14px, 0.875rem + ((1vw - 3.2px) * 0.455), 18px);font-style:normal;font-weight:400\">Sentrumsn\u00e6rt,  4 barnehager og 3 ulike barneskoler i gangavstand.<br>Godt kollektiv tilbud i n\u00e6rmilj\u00f8et b\u00e5de buss og bybane.<\/p>\n\n\n\n<div style=\"height:90px\" aria-hidden=\"true\" class=\"wp-block-spacer\"><\/div>\n\n\n\n<h4 class=\"wp-block-heading has-text-align-center has-text-color\" style=\"color:#646257;font-size:clamp(20px, 1.25rem + ((1vw - 3.2px) * 1.364), 32px);font-style:normal;font-weight:400\">Praktiske L\u00f8sninger<\/h4>\n\n\n\n<div class=\"wp-block-columns has-text-color is-layout-flex wp-container-core-columns-is-layout-5b0144cc wp-block-columns-is-layout-flex\" style=\"color:#646257;padding-top:50px;padding-bottom:50px\">\n<div class=\"wp-block-column is-layout-flow wp-block-column-is-layout-flow\">\n<div class=\"wp-block-columns has-border-color has-contrast-border-color is-layout-flex wp-container-core-columns-is-layout-1d0a1302 wp-block-columns-is-layout-flex\" style=\"border-width:1px;border-radius:0px;padding-top:70px;padding-right:30px;padding-bottom:70px;padding-left:30px\">\n<div class=\"wp-block-column is-layout-flow wp-block-column-is-layout-flow\" style=\"flex-basis:33.33%\">\n<figure class=\"wp-block-image aligncenter size-full is-resized wp-duotone-646257-e4e2d7-1\"><img decoding=\"async\" src=\"https:\/\/tyler.com\/wp-content\/uploads\/2023\/11\/Habitat-Home-2nd-sec-image.png\" alt=\"\" class=\"wp-image-1529\" style=\"aspect-ratio:1;object-fit:cover;width:90px\"\/><\/figure>\n<\/div>\n\n\n\n<div class=\"wp-block-column is-vertically-aligned-center is-layout-flow wp-container-core-column-is-layout-8a368f38 wp-block-column-is-layout-flow\" style=\"flex-basis:66.66%\">\n<h6 class=\"wp-block-heading has-text-color\" style=\"color:#646257;font-size:clamp(14px, 0.875rem + ((1vw - 3.2px) * 0.455), 18px);font-style:normal;font-weight:400\">de store vedlikeholds oppgavene er avsluttet <\/h6>\n<\/div>\n<\/div>\n<\/div>\n\n\n\n<div class=\"wp-block-column is-layout-flow wp-block-column-is-layout-flow\">\n<div class=\"wp-block-columns has-border-color has-contrast-border-color is-layout-flex wp-container-core-columns-is-layout-1d0a1302 wp-block-columns-is-layout-flex\" style=\"border-width:1px;border-radius:0px;padding-top:70px;padding-right:30px;padding-bottom:70px;padding-left:30px\">\n<div class=\"wp-block-column is-layout-flow wp-block-column-is-layout-flow\" style=\"flex-basis:33.33%\">\n<figure class=\"wp-block-image aligncenter size-full is-resized wp-duotone-646257-e4e2d7-2\"><img decoding=\"async\" src=\"https:\/\/tyler.com\/wp-content\/uploads\/2023\/11\/Habitat-Home-2nd-sec-image.png\" alt=\"\" class=\"wp-image-1529\" style=\"aspect-ratio:1;object-fit:cover;width:90px\"\/><\/figure>\n<\/div>\n\n\n\n<div class=\"wp-block-column is-vertically-aligned-center is-layout-flow wp-container-core-column-is-layout-8a368f38 wp-block-column-is-layout-flow\" style=\"flex-basis:66.66%\">\n<h6 class=\"wp-block-heading has-text-color\" style=\"color:#646257\">Eget vaskeri<\/h6>\n<\/div>\n<\/div>\n<\/div>\n\n\n\n<div class=\"wp-block-column is-layout-flow wp-block-column-is-layout-flow\">\n<div class=\"wp-block-columns has-border-color has-contrast-border-color has-text-color is-layout-flex wp-container-core-columns-is-layout-1d0a1302 wp-block-columns-is-layout-flex\" style=\"border-width:1px;border-radius:0px;color:#646257;padding-top:70px;padding-right:30px;padding-bottom:70px;padding-left:30px\">\n<div class=\"wp-block-column is-layout-flow wp-block-column-is-layout-flow\" style=\"flex-basis:33.33%\">\n<figure class=\"wp-block-image aligncenter size-full is-resized wp-duotone-646257-e4e2d7-3\"><img decoding=\"async\" src=\"https:\/\/tyler.com\/wp-content\/uploads\/2023\/11\/Habitat-Home-2nd-sec-image.png\" alt=\"\" class=\"wp-image-1529\" style=\"aspect-ratio:1;object-fit:cover;width:90px\"\/><\/figure>\n<\/div>\n\n\n\n<div class=\"wp-block-column is-vertically-aligned-center is-layout-flow wp-container-core-column-is-layout-8a368f38 wp-block-column-is-layout-flow\" style=\"flex-basis:66.66%\">\n<h6 class=\"wp-block-heading has-text-color\" style=\"color:#646257\">parkering <br>p\u00e5 egen grunn<br>og elbil lading<\/h6>\n<\/div>\n<\/div>\n<\/div>\n<\/div>\n<\/div>\n\n\n\n<div class=\"wp-block-group alignfull has-background has-global-padding is-layout-constrained wp-container-core-group-is-layout-5ff8a92b wp-block-group-is-layout-constrained\" style=\"background-color:#fffef7;margin-top:0;margin-bottom:0;padding-top:100px;padding-bottom:100px\">\n<h2 class=\"wp-block-heading has-text-align-center has-text-color\" style=\"color:#646257;font-size:clamp(31.152px, 1.947rem + ((1vw - 3.2px) * 2.71), 55px);font-style:normal;font-weight:500\">V\u00e5re Tilbud<\/h2>\n\n\n\n<div class=\"wp-block-columns is-layout-flex wp-container-core-columns-is-layout-69483a15 wp-block-columns-is-layout-flex\" style=\"margin-top:0;margin-bottom:0;padding-top:50px\">\n<div class=\"wp-block-column is-layout-flow wp-container-core-column-is-layout-8a368f38 wp-block-column-is-layout-flow\">\n<figure class=\"wp-block-image size-full\"><img decoding=\"async\" src=\"https:\/\/images.unsplash.com\/photo-1491438590914-bc09fcaaf77a?ixid=M3w1NjExMzd8MHwxfHNlYXJjaHwyfHxjb211bml0eSUyMGxpdmluZ3xlbnwwfHx8fDE3MTE4MjA1NjN8MA&amp;ixlib=rb-4.0.3&amp;fm=webp&amp;w=1024&amp;h=681&amp;fit=crop\" alt=\"\" class=\"wp-image-1530\"\/><\/figure>\n\n\n\n<div style=\"height:20px\" aria-hidden=\"true\" class=\"wp-block-spacer\"><\/div>\n\n\n\n<p class=\"has-text-color\" id=\"GQFtinjTMyEXTWTi\" style=\"color:#646257;font-size:14px\"><\/p>\n\n\n\n<div style=\"height:10px\" aria-hidden=\"true\" class=\"wp-block-spacer\"><\/div>\n\n\n\n<div style=\"height:5px\" aria-hidden=\"true\" class=\"wp-block-spacer\"><\/div>\n\n\n\n<h4 class=\"wp-block-heading has-medium-font-size\"><sup>Alle store vedlikeholds oppgaver er gjennomf\u00f8rt\u2026<\/sup><\/h4>\n\n\n\n<h5 class=\"wp-block-heading\"><br><\/h5>\n<\/div>\n\n\n\n<div class=\"wp-block-column is-layout-flow wp-container-core-column-is-layout-8a368f38 wp-block-column-is-layout-flow\">\n<figure class=\"wp-block-image size-full\"><img decoding=\"async\" src=\"https:\/\/images.unsplash.com\/photo-1517677208171-0bc6725a3e60?ixid=M3w1NjExMzd8MHwxfHNlYXJjaHw0fHxsYXVuZHJ5JTIwd29tYW58ZW58MHx8fHwxNzExODIxODU3fDA&amp;ixlib=rb-4.0.3&amp;fm=webp&amp;w=1024&amp;h=683&amp;fit=crop\" alt=\"\" class=\"wp-image-1531\"\/><\/figure>\n\n\n\n<div style=\"height:20px\" aria-hidden=\"true\" class=\"wp-block-spacer\"><\/div>\n\n\n\n<p class=\"has-text-color\" id=\"GQFtinjTMyEXTWTi\" style=\"color:#646257;font-size:14px\"><\/p>\n\n\n\n<div style=\"height:10px\" aria-hidden=\"true\" class=\"wp-block-spacer\"><\/div>\n\n\n\n<h5 class=\"wp-block-heading has-text-color\" style=\"color:#646257;font-size:clamp(14px, 0.875rem + ((1vw - 3.2px) * 0.682), 20px);font-style:normal;font-weight:400;text-transform:none\">Effektivt vaskerom<\/h5>\n\n\n\n<div style=\"height:5px\" aria-hidden=\"true\" class=\"wp-block-spacer\"><\/div>\n\n\n\n<p class=\"has-text-color\" style=\"color:#afac9b;font-size:clamp(14px, 0.875rem + ((1vw - 3.2px) * 0.568), 19px);\"><\/p>\n<\/div>\n\n\n\n<div class=\"wp-block-column is-layout-flow wp-container-core-column-is-layout-8a368f38 wp-block-column-is-layout-flow\">\n<figure class=\"wp-block-image size-full\"><img decoding=\"async\" src=\"https:\/\/images.unsplash.com\/photo-1593941707882-a5bba14938c7?ixid=M3w1NjExMzd8MHwxfHNlYXJjaHwxfHxlbGVjdHJpYyUyMGNoYXJnaW5nfGVufDB8fHx8MTcxMTgyMTg5N3ww&amp;ixlib=rb-4.0.3&amp;fm=webp&amp;w=1024&amp;h=683&amp;fit=crop\" alt=\"\" class=\"wp-image-1532\"\/><\/figure>\n\n\n\n<div style=\"height:20px\" aria-hidden=\"true\" class=\"wp-block-spacer\"><\/div>\n\n\n\n<p><\/p>\n\n\n\n<div style=\"height:10px\" aria-hidden=\"true\" class=\"wp-block-spacer\"><\/div>\n\n\n\n<h5 class=\"wp-block-heading has-text-color\" style=\"color:#646257;font-size:clamp(14px, 0.875rem + ((1vw - 3.2px) * 0.682), 20px);font-style:normal;font-weight:400;text-transform:none\">Praktiske parkeringsplasser<br>med lademuligheter<\/h5>\n\n\n\n<div style=\"height:5px\" aria-hidden=\"true\" class=\"wp-block-spacer\"><\/div>\n\n\n\n<p class=\"has-text-color\" style=\"color:#afac9b;font-size:clamp(14px, 0.875rem + ((1vw - 3.2px) * 0.568), 19px);\"><\/p>\n<\/div>\n<\/div>\n<\/div>\n\n\n\n<div class=\"wp-block-group alignfull has-background has-global-padding is-layout-constrained wp-container-core-group-is-layout-87a9abd5 wp-block-group-is-layout-constrained\" style=\"background-color:#e4e2d7;margin-top:0;margin-bottom:0;padding-top:120px;padding-right:0;padding-bottom:120px;padding-left:0\">\n<div class=\"wp-block-group has-global-padding is-layout-constrained wp-container-core-group-is-layout-a099c240 wp-block-group-is-layout-constrained\">\n<h2 class=\"wp-block-heading has-text-align-center has-text-color\" style=\"color:#646257;font-size:clamp(31.152px, 1.947rem + ((1vw - 3.2px) * 2.71), 55px);font-style:normal;font-weight:500\">Det Gode Liv<\/h2>\n<\/div>\n\n\n\n<div style=\"height:50px\" aria-hidden=\"true\" class=\"wp-block-spacer\"><\/div>\n\n\n\n<div class=\"wp-block-columns is-layout-flex wp-container-core-columns-is-layout-a5629b97 wp-block-columns-is-layout-flex\" style=\"margin-top:0;margin-bottom:0;padding-top:50px;padding-bottom:0px\">\n<div class=\"wp-block-column has-border-color is-layout-flow wp-container-core-column-is-layout-7882d8c3 wp-block-column-is-layout-flow\" style=\"border-color:#646257;border-width:1px;padding-top:70px;padding-bottom:70px\">\n<h4 class=\"wp-block-heading has-text-align-center has-text-color\" style=\"color:#646257;font-size:clamp(20px, 1.25rem + ((1vw - 3.2px) * 1.364), 32px);font-style:normal;font-weight:400\">12<\/h4>\n\n\n\n<h6 class=\"wp-block-heading has-text-align-center has-text-color\" style=\"color:#646257;font-size:clamp(14.082px, 0.88rem + ((1vw - 3.2px) * 0.786), 21px);font-style:normal;font-weight:400;text-transform:none\">Leiligheter<\/h6>\n<\/div>\n\n\n\n<div class=\"wp-block-column has-border-color is-layout-flow wp-container-core-column-is-layout-7882d8c3 wp-block-column-is-layout-flow\" style=\"border-color:#646257;border-width:1px;padding-top:70px;padding-bottom:70px\">\n<h4 class=\"wp-block-heading has-text-align-center has-text-color\" style=\"color:#646257;font-size:clamp(20px, 1.25rem + ((1vw - 3.2px) * 1.364), 32px);font-style:normal;font-weight:400\">24\/7<\/h4>\n\n\n\n<h6 class=\"wp-block-heading has-text-align-center has-text-color\" style=\"color:#646257;font-size:clamp(14.082px, 0.88rem + ((1vw - 3.2px) * 0.786), 21px);font-style:normal;font-weight:400;text-transform:none\">N\u00f8kkelfri Adkomst<\/h6>\n<\/div>\n\n\n\n<div class=\"wp-block-column has-border-color is-layout-flow wp-container-core-column-is-layout-7882d8c3 wp-block-column-is-layout-flow\" style=\"border-color:#646257;border-width:1px;padding-top:70px;padding-bottom:70px\">\n<h4 class=\"wp-block-heading has-text-align-center has-text-color\" style=\"color:#646257;font-size:clamp(20px, 1.25rem + ((1vw - 3.2px) * 1.364), 32px);font-style:normal;font-weight:400\">1<\/h4>\n\n\n\n<h6 class=\"wp-block-heading has-text-align-center has-text-color\" style=\"color:#646257;font-size:clamp(14.082px, 0.88rem + ((1vw - 3.2px) * 0.786), 21px);font-style:normal;font-weight:400;text-transform:none\">Rikt tilbud av fasiliteter<\/h6>\n<\/div>\n\n\n\n<div class=\"wp-block-column has-border-color is-layout-flow wp-container-core-column-is-layout-7882d8c3 wp-block-column-is-layout-flow\" style=\"border-color:#646257;border-width:1px;padding-top:70px;padding-bottom:70px\">\n<h4 class=\"wp-block-heading has-text-align-center has-text-color\" style=\"color:#646257;font-size:clamp(20px, 1.25rem + ((1vw - 3.2px) * 1.364), 32px);font-style:normal;font-weight:400\">PARKERING<\/h4>\n\n\n\n<h6 class=\"wp-block-heading has-text-align-center has-text-color\" style=\"color:#646257;font-size:clamp(14.082px, 0.88rem + ((1vw - 3.2px) * 0.786), 21px);font-style:normal;font-weight:400;text-transform:none\">p\u00e5 egen grunn<br>med lademuligheter<\/h6>\n\n\n\n<p><\/p>\n\n\n\n<p><\/p>\n<\/div>\n<\/div>\n<\/div>\n\n\n\n<div class=\"wp-block-group alignfull has-background has-global-padding is-layout-constrained wp-container-core-group-is-layout-87a9abd5 wp-block-group-is-layout-constrained\" style=\"background-color:#fffef7;margin-top:0;margin-bottom:0;padding-top:120px;padding-right:0;padding-bottom:120px;padding-left:0\">\n<h3 class=\"wp-block-heading has-text-align-center has-text-color\" style=\"color:#646257;font-size:clamp(31.152px, 1.947rem + ((1vw - 3.2px) * 2.71), 55px);font-style:normal;font-weight:500\">Glade Beborere<\/h3>\n\n\n\n<div style=\"height:50px\" aria-hidden=\"true\" class=\"wp-block-spacer\"><\/div>\n\n\n\n<div class=\"wp-block-columns is-layout-flex wp-container-core-columns-is-layout-815bf4b8 wp-block-columns-is-layout-flex\" style=\"margin-top:0;margin-bottom:0\">\n<div class=\"wp-block-column has-border-color is-layout-flow wp-container-core-column-is-layout-ab7fc251 wp-block-column-is-layout-flow\" style=\"border-color:#646257;border-width:1px;padding-top:50px;padding-right:35px;padding-bottom:50px;padding-left:35px\">\n<p class=\"has-text-color\" style=\"color:#646257;font-size:clamp(14px, 0.875rem + ((1vw - 3.2px) * 0.568), 19px);\">Jeg er utrolig begeistret for de moderne fasilitetene og fellesskapsf\u00f8lelsen ved \u00d8vredalen Borettslag II. Det er virkelig et fantastisk sted \u00e5 kalle hjem.<\/p>\n\n\n\n<div style=\"height:50px\" aria-hidden=\"true\" class=\"wp-block-spacer\"><\/div>\n\n\n\n<h5 class=\"wp-block-heading has-text-align-left has-text-color\" style=\"color:#646257;font-size:clamp(14px, 0.875rem + ((1vw - 3.2px) * 0.568), 19px);font-style:normal;font-weight:400;text-transform:uppercase\">Emma S.<\/h5>\n<\/div>\n\n\n\n<div class=\"wp-block-column has-border-color is-layout-flow wp-container-core-column-is-layout-ab7fc251 wp-block-column-is-layout-flow\" style=\"border-color:#646257;border-width:1px;padding-top:50px;padding-right:35px;padding-bottom:50px;padding-left:35px\">\n<p class=\"has-text-color\" style=\"color:#646257;font-size:clamp(14px, 0.875rem + ((1vw - 3.2px) * 0.568), 19px);\">Bekvemmeligheten med parkering p\u00e5 stedet og moderne vaskerom har gjort livet mitt s\u00e5 mye enklere. Jeg er utrolig glad for min beslutning om \u00e5 bo her.<\/p>\n\n\n\n<div style=\"height:50px\" aria-hidden=\"true\" class=\"wp-block-spacer\"><\/div>\n\n\n\n<h5 class=\"wp-block-heading has-text-align-left has-text-color\" style=\"color:#646257;font-size:clamp(14px, 0.875rem + ((1vw - 3.2px) * 0.568), 19px);font-style:normal;font-weight:400;text-transform:uppercase\">Max K.<\/h5>\n<\/div>\n\n\n\n<div class=\"wp-block-column has-border-color is-layout-flow wp-container-core-column-is-layout-ab7fc251 wp-block-column-is-layout-flow\" style=\"border-color:#646257;border-width:1px;padding-top:50px;padding-right:35px;padding-bottom:50px;padding-left:35px\">\n<p>\u00c5 bo her har v\u00e6rt en dr\u00f8m. De nyoppussede fellesomr\u00e5dene og de sikre parkeringsmulighetene har overg\u00e5tt forventningene mine. Jeg kunne ikke v\u00e6rt mer forn\u00f8yd med valget mitt.<br><\/p>\n\n\n\n<p><br>LENA M.<\/p>\n\n\n\n<h5 class=\"wp-block-heading has-text-align-left has-text-color\" style=\"color:#646257;font-size:clamp(14px, 0.875rem + ((1vw - 3.2px) * 0.568), 19px);font-style:normal;font-weight:400;text-transform:uppercase\"><\/h5>\n<\/div>\n<\/div>\n<\/div>\n\n\n\n<div class=\"wp-block-group alignfull has-background has-global-padding is-layout-constrained wp-container-core-group-is-layout-991445f1 wp-block-group-is-layout-constrained\" style=\"background-color:#e4e2d7;margin-top:0;margin-bottom:0;padding-top:150px;padding-bottom:150px\">\n<h2 class=\"wp-block-heading has-text-align-center has-text-color\" style=\"color:#646257;font-size:clamp(31.152px, 1.947rem + ((1vw - 3.2px) * 2.71), 55px);font-style:normal;font-weight:500\">Ta kontakt med oss<\/h2>\n\n\n\n<h6 class=\"wp-block-heading has-text-align-center has-text-color\" style=\"color:#646257;font-size:clamp(14.082px, 0.88rem + ((1vw - 3.2px) * 0.786), 21px);font-style:normal;font-weight:400;text-transform:none\">Klar for \u00e5 oppleve det gode liv i \u00d8vredalen Borettslag II? <br>Kontakt oss i dag for \u00e5 planlegge en omvisning <br>og ta det f\u00f8rste skrittet mot ditt nye hjem..<\/h6>\n\n\n\n<div class=\"wp-block-buttons is-content-justification-center is-layout-flex wp-container-core-buttons-is-layout-a5792793 wp-block-buttons-is-layout-flex\" style=\"margin-top:50px\">\n<div class=\"wp-block-button has-custom-font-size is-style-fill\" style=\"font-size:clamp(14px, 0.875rem + ((1vw - 3.2px) * 0.227), 16px);letter-spacing:1px;text-transform:uppercase\"><a class=\"wp-block-button__link has-text-color has-background has-border-color wp-element-button\" style=\"border-color:#646257;border-width:1px;border-radius:0px;color:#fffef7;background-color:#332e29;padding-top:15px;padding-right:65px;padding-bottom:15px;padding-left:65px\">Contact Us<\/a><\/div>\n<\/div>\n<\/div>\n","protected":false},"excerpt":{"rendered":"<p>Frittst\u00e5ende Borettslag Sentrumsn\u00e6rt, 4 barnehager og 3 ulike barneskoler i gangavstand.Godt kollektiv tilbud i n\u00e6rmilj\u00f8et b\u00e5de buss og bybane. Praktiske L\u00f8sninger de store vedlikeholds oppgavene er avsluttet Eget vaskeri parkering p\u00e5 egen grunnog elbil lading V\u00e5re Tilbud Alle store vedlikeholds oppgaver er gjennomf\u00f8rt\u2026 Effektivt vaskerom Praktiske parkeringsplassermed lademuligheter Det Gode Liv 12 Leiligheter 24\/7 N\u00f8kkelfri [&hellip;]<\/p>\n","protected":false},"author":2,"featured_media":0,"parent":0,"menu_order":0,"comment_status":"closed","ping_status":"closed","template":"","meta":{"footnotes":""},"class_list":["post-17","page","type-page","status-publish","hentry"],"_links":{"self":[{"href":"https:\/\/xn--vredalenborettslag2-u7b.no\/index.php?rest_route=\/wp\/v2\/pages\/17","targetHints":{"allow":["GET"]}}],"collection":[{"href":"https:\/\/xn--vredalenborettslag2-u7b.no\/index.php?rest_route=\/wp\/v2\/pages"}],"about":[{"href":"https:\/\/xn--vredalenborettslag2-u7b.no\/index.php?rest_route=\/wp\/v2\/types\/page"}],"author":[{"embeddable":true,"href":"https:\/\/xn--vredalenborettslag2-u7b.no\/index.php?rest_route=\/wp\/v2\/users\/2"}],"replies":[{"embeddable":true,"href":"https:\/\/xn--vredalenborettslag2-u7b.no\/index.php?rest_route=%2Fwp%2Fv2%2Fcomments&post=17"}],"version-history":[{"count":26,"href":"https:\/\/xn--vredalenborettslag2-u7b.no\/index.php?rest_route=\/wp\/v2\/pages\/17\/revisions"}],"predecessor-version":[{"id":102,"href":"https:\/\/xn--vredalenborettslag2-u7b.no\/index.php?rest_route=\/wp\/v2\/pages\/17\/revisions\/102"}],"wp:attachment":[{"href":"https:\/\/xn--vredalenborettslag2-u7b.no\/index.php?rest_route=%2Fwp%2Fv2%2Fmedia&parent=17"}],"curies":[{"name":"wp","href":"https:\/\/api.w.org\/{rel}","templated":true}]}}